{"id":13,"date":"2013-07-01T13:24:18","date_gmt":"2013-07-01T11:24:18","guid":{"rendered":"http:\/\/thetunes.ch\/web\/?page_id=13"},"modified":"2024-11-10T15:33:51","modified_gmt":"2024-11-10T14:33:51","slug":"leitung","status":"publish","type":"page","link":"https:\/\/thetunes.ch\/web\/leitung\/","title":{"rendered":"Leitungsteam"},"content":{"rendered":"\n<figure class=\"wp-block-image size-large\"><img loading=\"lazy\" decoding=\"async\" width=\"1024\" height=\"683\" src=\"https:\/\/thetunes.ch\/web\/wp-content\/uploads\/2024\/11\/DSC01651-3_s-1024x683.jpg\" alt=\"\" class=\"wp-image-2748\" srcset=\"https:\/\/thetunes.ch\/web\/wp-content\/uploads\/2024\/11\/DSC01651-3_s-1024x683.jpg 1024w, https:\/\/thetunes.ch\/web\/wp-content\/uploads\/2024\/11\/DSC01651-3_s-300x200.jpg 300w, https:\/\/thetunes.ch\/web\/wp-content\/uploads\/2024\/11\/DSC01651-3_s-768x512.jpg 768w, https:\/\/thetunes.ch\/web\/wp-content\/uploads\/2024\/11\/DSC01651-3_s-1536x1024.jpg 1536w, https:\/\/thetunes.ch\/web\/wp-content\/uploads\/2024\/11\/DSC01651-3_s-2048x1365.jpg 2048w, https:\/\/thetunes.ch\/web\/wp-content\/uploads\/2024\/11\/DSC01651-3_s-1000x667.jpg 1000w, https:\/\/thetunes.ch\/web\/wp-content\/uploads\/2024\/11\/DSC01651-3_s-230x153.jpg 230w, https:\/\/thetunes.ch\/web\/wp-content\/uploads\/2024\/11\/DSC01651-3_s-350x233.jpg 350w, https:\/\/thetunes.ch\/web\/wp-content\/uploads\/2024\/11\/DSC01651-3_s-480x320.jpg 480w\" sizes=\"auto, (max-width: 1024px) 100vw, 1024px\" \/><\/figure>\n\n\n<hr \/>\n<p><strong>Beatrice R\u00fctsche<\/strong><br \/>Dirigentin \/ Musikalische Leitung<br \/><a href=\"https:\/\/thetunes.ch\/web\/wp-content\/uploads\/2024\/11\/DSC01728-36_s.jpg\"><img loading=\"lazy\" decoding=\"async\" class=\"alignnone size-medium wp-image-2746\" src=\"https:\/\/thetunes.ch\/web\/wp-content\/uploads\/2024\/11\/DSC01728-36_s-200x300.jpg\" alt=\"\" width=\"200\" height=\"300\" srcset=\"https:\/\/thetunes.ch\/web\/wp-content\/uploads\/2024\/11\/DSC01728-36_s-200x300.jpg 200w, https:\/\/thetunes.ch\/web\/wp-content\/uploads\/2024\/11\/DSC01728-36_s-683x1024.jpg 683w, https:\/\/thetunes.ch\/web\/wp-content\/uploads\/2024\/11\/DSC01728-36_s-768x1152.jpg 768w, https:\/\/thetunes.ch\/web\/wp-content\/uploads\/2024\/11\/DSC01728-36_s-1024x1536.jpg 1024w, https:\/\/thetunes.ch\/web\/wp-content\/uploads\/2024\/11\/DSC01728-36_s-1365x2048.jpg 1365w, https:\/\/thetunes.ch\/web\/wp-content\/uploads\/2024\/11\/DSC01728-36_s-1000x1500.jpg 1000w, https:\/\/thetunes.ch\/web\/wp-content\/uploads\/2024\/11\/DSC01728-36_s-230x345.jpg 230w, https:\/\/thetunes.ch\/web\/wp-content\/uploads\/2024\/11\/DSC01728-36_s-350x525.jpg 350w, https:\/\/thetunes.ch\/web\/wp-content\/uploads\/2024\/11\/DSC01728-36_s-480x720.jpg 480w, https:\/\/thetunes.ch\/web\/wp-content\/uploads\/2024\/11\/DSC01728-36_s.jpg 1600w\" sizes=\"auto, (max-width: 200px) 100vw, 200px\" \/><\/a><br \/>Beatrice R\u00fctsche studierte an der Musikhochschule Luzern. Sie schloss ihre Studien in Sologesang bei Peter Brechb\u00fchler mit dem Konzertdiplom ab. Weitere Abschl\u00fcsse erlangte sie in Gesangsp\u00e4dagogik (Lehrdiplom) und Schulmusik. Beatrice R\u00fctsche besuchte Meisterkurse bei Margreet Honig (Amsterdam) und Lina Akerlund (Z\u00fcrich). In Dirigieren wurde sie bei Andreas Gut (St. Gallen) und Felippe Cattapan (Bern) weitergebildet. Ausserdem ist sie Sch\u00fclerin von Roger Emerson (Mount Shasta, USA), welcher sie in Arrangieren weiterbildet.<br \/>Sie hat mehrj\u00e4hrige Erfahrung als singendes Mitglied in Profich\u00f6ren (Schweizer Kammerchor, G\u00e4chinger Kantorei, Chamber Choir of Europe), als Dozentin bei Chorweiterbildungen und als Chorleiterin im Erarbeiten von Konzerten mit unterschiedlichen Formationen. Beatrice R\u00fctsche unterrichtet seit vielen Jahren an der Kantonsschule Sargans Sologesang und Schulmusik. Auch ist sie an der Musikschule der Stadt St. Gallen (Erwachsenenensemble VoiceUp, Kinderch\u00f6re, Sologesang) t\u00e4tig. Vor einigen Jahren hat sie mit Michael Schl\u00e4pfer zusammen den Kantonalen Jugendchor voxJssimo gegr\u00fcndet.<br \/>Beatrice R\u00fctsche bringt regelm\u00e4ssig Produktionen mit S\u00e4ngerinnen und S\u00e4ngern auf die B\u00fchne und ist selber auch immer wieder solistisch als Sopranistin unterwegs.<\/p>\n<hr \/>\n<p><strong>Angelica Wehrle<\/strong><br \/>Protokoll<br \/>Aktuariat \/ Chronik<br \/>Ausschuss Liederauswahl<br \/><a href=\"https:\/\/thetunes.ch\/web\/wp-content\/uploads\/2024\/11\/DSC01716-31_s.jpg\"><img loading=\"lazy\" decoding=\"async\" class=\"alignnone size-medium wp-image-2744\" src=\"https:\/\/thetunes.ch\/web\/wp-content\/uploads\/2024\/11\/DSC01716-31_s-200x300.jpg\" alt=\"\" width=\"200\" height=\"300\" srcset=\"https:\/\/thetunes.ch\/web\/wp-content\/uploads\/2024\/11\/DSC01716-31_s-200x300.jpg 200w, https:\/\/thetunes.ch\/web\/wp-content\/uploads\/2024\/11\/DSC01716-31_s-683x1024.jpg 683w, https:\/\/thetunes.ch\/web\/wp-content\/uploads\/2024\/11\/DSC01716-31_s-768x1152.jpg 768w, https:\/\/thetunes.ch\/web\/wp-content\/uploads\/2024\/11\/DSC01716-31_s-1024x1536.jpg 1024w, https:\/\/thetunes.ch\/web\/wp-content\/uploads\/2024\/11\/DSC01716-31_s-1365x2048.jpg 1365w, https:\/\/thetunes.ch\/web\/wp-content\/uploads\/2024\/11\/DSC01716-31_s-1000x1500.jpg 1000w, https:\/\/thetunes.ch\/web\/wp-content\/uploads\/2024\/11\/DSC01716-31_s-230x345.jpg 230w, https:\/\/thetunes.ch\/web\/wp-content\/uploads\/2024\/11\/DSC01716-31_s-350x525.jpg 350w, https:\/\/thetunes.ch\/web\/wp-content\/uploads\/2024\/11\/DSC01716-31_s-480x720.jpg 480w, https:\/\/thetunes.ch\/web\/wp-content\/uploads\/2024\/11\/DSC01716-31_s.jpg 1600w\" sizes=\"auto, (max-width: 200px) 100vw, 200px\" \/><\/a><\/p>\n<hr \/>\n<p><strong>Mirian Akkermans<\/strong><br \/>Ehrungen \/ Geschenke f\u00fcr Jubilare<br \/>Notenverwaltung<br \/>Ausschuss Liederauswahl<br \/><a href=\"https:\/\/thetunes.ch\/web\/wp-content\/uploads\/2024\/11\/DSC01722-33_s.jpg\"><img loading=\"lazy\" decoding=\"async\" class=\"alignnone size-medium wp-image-2745\" src=\"https:\/\/thetunes.ch\/web\/wp-content\/uploads\/2024\/11\/DSC01722-33_s-200x300.jpg\" alt=\"\" width=\"200\" height=\"300\" srcset=\"https:\/\/thetunes.ch\/web\/wp-content\/uploads\/2024\/11\/DSC01722-33_s-200x300.jpg 200w, https:\/\/thetunes.ch\/web\/wp-content\/uploads\/2024\/11\/DSC01722-33_s-683x1024.jpg 683w, https:\/\/thetunes.ch\/web\/wp-content\/uploads\/2024\/11\/DSC01722-33_s-768x1152.jpg 768w, https:\/\/thetunes.ch\/web\/wp-content\/uploads\/2024\/11\/DSC01722-33_s-1024x1536.jpg 1024w, https:\/\/thetunes.ch\/web\/wp-content\/uploads\/2024\/11\/DSC01722-33_s-1365x2048.jpg 1365w, https:\/\/thetunes.ch\/web\/wp-content\/uploads\/2024\/11\/DSC01722-33_s-1000x1500.jpg 1000w, https:\/\/thetunes.ch\/web\/wp-content\/uploads\/2024\/11\/DSC01722-33_s-230x345.jpg 230w, https:\/\/thetunes.ch\/web\/wp-content\/uploads\/2024\/11\/DSC01722-33_s-350x525.jpg 350w, https:\/\/thetunes.ch\/web\/wp-content\/uploads\/2024\/11\/DSC01722-33_s-480x720.jpg 480w, https:\/\/thetunes.ch\/web\/wp-content\/uploads\/2024\/11\/DSC01722-33_s.jpg 1600w\" sizes=\"auto, (max-width: 200px) 100vw, 200px\" \/><\/a><\/p>\n<hr \/>\n<p><strong>Daniela Gr\u00e4miger<\/strong><br \/>Informationsfluss zwischen Chor &amp; Leitung<br \/>An- und Abmeldungen zur Probe<br \/>Aktualisierung Mitgliederliste<br \/><a href=\"https:\/\/thetunes.ch\/web\/wp-content\/uploads\/2024\/11\/DSC01736-37_s.jpg\"><img loading=\"lazy\" decoding=\"async\" class=\"alignnone size-medium wp-image-2747\" src=\"https:\/\/thetunes.ch\/web\/wp-content\/uploads\/2024\/11\/DSC01736-37_s-200x300.jpg\" alt=\"\" width=\"200\" height=\"300\" srcset=\"https:\/\/thetunes.ch\/web\/wp-content\/uploads\/2024\/11\/DSC01736-37_s-200x300.jpg 200w, https:\/\/thetunes.ch\/web\/wp-content\/uploads\/2024\/11\/DSC01736-37_s-683x1024.jpg 683w, https:\/\/thetunes.ch\/web\/wp-content\/uploads\/2024\/11\/DSC01736-37_s-768x1152.jpg 768w, https:\/\/thetunes.ch\/web\/wp-content\/uploads\/2024\/11\/DSC01736-37_s-1024x1536.jpg 1024w, https:\/\/thetunes.ch\/web\/wp-content\/uploads\/2024\/11\/DSC01736-37_s-1365x2048.jpg 1365w, https:\/\/thetunes.ch\/web\/wp-content\/uploads\/2024\/11\/DSC01736-37_s-1000x1500.jpg 1000w, https:\/\/thetunes.ch\/web\/wp-content\/uploads\/2024\/11\/DSC01736-37_s-230x345.jpg 230w, https:\/\/thetunes.ch\/web\/wp-content\/uploads\/2024\/11\/DSC01736-37_s-350x525.jpg 350w, https:\/\/thetunes.ch\/web\/wp-content\/uploads\/2024\/11\/DSC01736-37_s-480x720.jpg 480w, https:\/\/thetunes.ch\/web\/wp-content\/uploads\/2024\/11\/DSC01736-37_s.jpg 1600w\" sizes=\"auto, (max-width: 200px) 100vw, 200px\" \/><\/a><\/p>\n<hr \/>\n<p><strong>Claudia Boss<\/strong><br \/>Sitzungsleitung<br \/>Kontakt Neumitglieder<br \/>Anl\u00e4sse \/ Gemeinschaftliches<br \/><a href=\"https:\/\/thetunes.ch\/web\/wp-content\/uploads\/2024\/11\/DSC01712-28_s.jpg\"><img loading=\"lazy\" decoding=\"async\" class=\"alignnone size-medium wp-image-2749\" src=\"https:\/\/thetunes.ch\/web\/wp-content\/uploads\/2024\/11\/DSC01712-28_s-200x300.jpg\" alt=\"\" width=\"200\" height=\"300\" srcset=\"https:\/\/thetunes.ch\/web\/wp-content\/uploads\/2024\/11\/DSC01712-28_s-200x300.jpg 200w, https:\/\/thetunes.ch\/web\/wp-content\/uploads\/2024\/11\/DSC01712-28_s-683x1024.jpg 683w, https:\/\/thetunes.ch\/web\/wp-content\/uploads\/2024\/11\/DSC01712-28_s-768x1152.jpg 768w, https:\/\/thetunes.ch\/web\/wp-content\/uploads\/2024\/11\/DSC01712-28_s-1024x1536.jpg 1024w, https:\/\/thetunes.ch\/web\/wp-content\/uploads\/2024\/11\/DSC01712-28_s-1365x2048.jpg 1365w, https:\/\/thetunes.ch\/web\/wp-content\/uploads\/2024\/11\/DSC01712-28_s-1000x1500.jpg 1000w, https:\/\/thetunes.ch\/web\/wp-content\/uploads\/2024\/11\/DSC01712-28_s-230x345.jpg 230w, https:\/\/thetunes.ch\/web\/wp-content\/uploads\/2024\/11\/DSC01712-28_s-350x525.jpg 350w, https:\/\/thetunes.ch\/web\/wp-content\/uploads\/2024\/11\/DSC01712-28_s-480x720.jpg 480w, https:\/\/thetunes.ch\/web\/wp-content\/uploads\/2024\/11\/DSC01712-28_s.jpg 1600w\" sizes=\"auto, (max-width: 200px) 100vw, 200px\" \/><\/a><\/p>","protected":false},"excerpt":{"rendered":"<p>Beatrice R\u00fctscheDirigentin \/ Musikalische LeitungBeatrice R\u00fctsche studierte an der Musikhochschule Luzern. Sie schloss ihre Studien in Sologesang bei Peter Brechb\u00fchler mit dem [&hellip;]<\/p>\n","protected":false},"author":1,"featured_media":0,"parent":0,"menu_order":2,"comment_status":"closed","ping_status":"open","template":"","meta":{"footnotes":""},"class_list":["post-13","page","type-page","status-publish","hentry"],"yoast_head":"<!-- This site is optimized with the Yoast SEO plugin v25.4 - https:\/\/yoast.com\/wordpress\/plugins\/seo\/ -->\n<title>Leitungsteam - The Tunes<\/title>\n<meta name=\"robots\" content=\"index, follow, max-snippet:-1, max-image-preview:large, max-video-preview:-1\" \/>\n<link rel=\"canonical\" href=\"https:\/\/thetunes.ch\/web\/leitung\/\" \/>\n<meta property=\"og:locale\" content=\"de_DE\" \/>\n<meta property=\"og:type\" content=\"article\" \/>\n<meta property=\"og:title\" content=\"Leitungsteam - The Tunes\" \/>\n<meta property=\"og:description\" content=\"Beatrice R\u00fctscheDirigentin \/ Musikalische LeitungBeatrice R\u00fctsche studierte an der Musikhochschule Luzern. Sie schloss ihre Studien in Sologesang bei Peter Brechb\u00fchler mit dem [&hellip;]\" \/>\n<meta property=\"og:url\" content=\"https:\/\/thetunes.ch\/web\/leitung\/\" \/>\n<meta property=\"og:site_name\" content=\"The Tunes\" \/>\n<meta property=\"article:modified_time\" content=\"2024-11-10T14:33:51+00:00\" \/>\n<meta property=\"og:image\" content=\"https:\/\/thetunes.ch\/web\/wp-content\/uploads\/2024\/11\/DSC01651-3_s-1024x683.jpg\" \/>\n<meta name=\"twitter:card\" content=\"summary_large_image\" \/>\n<meta name=\"twitter:label1\" content=\"Gesch\u00e4tzte Lesezeit\" \/>\n\t<meta name=\"twitter:data1\" content=\"3\u00a0Minuten\" \/>\n<script type=\"application\/ld+json\" class=\"yoast-schema-graph\">{\"@context\":\"https:\/\/schema.org\",\"@graph\":[{\"@type\":\"WebPage\",\"@id\":\"https:\/\/thetunes.ch\/web\/leitung\/\",\"url\":\"https:\/\/thetunes.ch\/web\/leitung\/\",\"name\":\"Leitungsteam - The Tunes\",\"isPartOf\":{\"@id\":\"https:\/\/thetunes.ch\/web\/#website\"},\"primaryImageOfPage\":{\"@id\":\"https:\/\/thetunes.ch\/web\/leitung\/#primaryimage\"},\"image\":{\"@id\":\"https:\/\/thetunes.ch\/web\/leitung\/#primaryimage\"},\"thumbnailUrl\":\"https:\/\/thetunes.ch\/web\/wp-content\/uploads\/2024\/11\/DSC01651-3_s-1024x683.jpg\",\"datePublished\":\"2013-07-01T11:24:18+00:00\",\"dateModified\":\"2024-11-10T14:33:51+00:00\",\"breadcrumb\":{\"@id\":\"https:\/\/thetunes.ch\/web\/leitung\/#breadcrumb\"},\"inLanguage\":\"de\",\"potentialAction\":[{\"@type\":\"ReadAction\",\"target\":[\"https:\/\/thetunes.ch\/web\/leitung\/\"]}]},{\"@type\":\"ImageObject\",\"inLanguage\":\"de\",\"@id\":\"https:\/\/thetunes.ch\/web\/leitung\/#primaryimage\",\"url\":\"https:\/\/thetunes.ch\/web\/wp-content\/uploads\/2024\/11\/DSC01651-3_s.jpg\",\"contentUrl\":\"https:\/\/thetunes.ch\/web\/wp-content\/uploads\/2024\/11\/DSC01651-3_s.jpg\",\"width\":2400,\"height\":1600},{\"@type\":\"BreadcrumbList\",\"@id\":\"https:\/\/thetunes.ch\/web\/leitung\/#breadcrumb\",\"itemListElement\":[{\"@type\":\"ListItem\",\"position\":1,\"name\":\"Startseite\",\"item\":\"https:\/\/thetunes.ch\/web\/\"},{\"@type\":\"ListItem\",\"position\":2,\"name\":\"Leitungsteam\"}]},{\"@type\":\"WebSite\",\"@id\":\"https:\/\/thetunes.ch\/web\/#website\",\"url\":\"https:\/\/thetunes.ch\/web\/\",\"name\":\"The Tunes\",\"description\":\"\",\"publisher\":{\"@id\":\"https:\/\/thetunes.ch\/web\/#organization\"},\"potentialAction\":[{\"@type\":\"SearchAction\",\"target\":{\"@type\":\"EntryPoint\",\"urlTemplate\":\"https:\/\/thetunes.ch\/web\/?s={search_term_string}\"},\"query-input\":{\"@type\":\"PropertyValueSpecification\",\"valueRequired\":true,\"valueName\":\"search_term_string\"}}],\"inLanguage\":\"de\"},{\"@type\":\"Organization\",\"@id\":\"https:\/\/thetunes.ch\/web\/#organization\",\"name\":\"The Tunes\",\"alternateName\":\"Chor The Tunes\",\"url\":\"https:\/\/thetunes.ch\/web\/\",\"logo\":{\"@type\":\"ImageObject\",\"inLanguage\":\"de\",\"@id\":\"https:\/\/thetunes.ch\/web\/#\/schema\/logo\/image\/\",\"url\":\"https:\/\/thetunes.ch\/web\/wp-content\/uploads\/2025\/07\/logo_TheTunes_bold-scaled.jpg\",\"contentUrl\":\"https:\/\/thetunes.ch\/web\/wp-content\/uploads\/2025\/07\/logo_TheTunes_bold-scaled.jpg\",\"width\":2560,\"height\":203,\"caption\":\"The Tunes\"},\"image\":{\"@id\":\"https:\/\/thetunes.ch\/web\/#\/schema\/logo\/image\/\"}}]}<\/script>\n<!-- \/ Yoast SEO plugin. -->","yoast_head_json":{"title":"Leitungsteam - The Tunes","robots":{"index":"index","follow":"follow","max-snippet":"max-snippet:-1","max-image-preview":"max-image-preview:large","max-video-preview":"max-video-preview:-1"},"canonical":"https:\/\/thetunes.ch\/web\/leitung\/","og_locale":"de_DE","og_type":"article","og_title":"Leitungsteam - The Tunes","og_description":"Beatrice R\u00fctscheDirigentin \/ Musikalische LeitungBeatrice R\u00fctsche studierte an der Musikhochschule Luzern. Sie schloss ihre Studien in Sologesang bei Peter Brechb\u00fchler mit dem [&hellip;]","og_url":"https:\/\/thetunes.ch\/web\/leitung\/","og_site_name":"The Tunes","article_modified_time":"2024-11-10T14:33:51+00:00","og_image":[{"url":"https:\/\/thetunes.ch\/web\/wp-content\/uploads\/2024\/11\/DSC01651-3_s-1024x683.jpg","type":"","width":"","height":""}],"twitter_card":"summary_large_image","twitter_misc":{"Gesch\u00e4tzte Lesezeit":"3\u00a0Minuten"},"schema":{"@context":"https:\/\/schema.org","@graph":[{"@type":"WebPage","@id":"https:\/\/thetunes.ch\/web\/leitung\/","url":"https:\/\/thetunes.ch\/web\/leitung\/","name":"Leitungsteam - The Tunes","isPartOf":{"@id":"https:\/\/thetunes.ch\/web\/#website"},"primaryImageOfPage":{"@id":"https:\/\/thetunes.ch\/web\/leitung\/#primaryimage"},"image":{"@id":"https:\/\/thetunes.ch\/web\/leitung\/#primaryimage"},"thumbnailUrl":"https:\/\/thetunes.ch\/web\/wp-content\/uploads\/2024\/11\/DSC01651-3_s-1024x683.jpg","datePublished":"2013-07-01T11:24:18+00:00","dateModified":"2024-11-10T14:33:51+00:00","breadcrumb":{"@id":"https:\/\/thetunes.ch\/web\/leitung\/#breadcrumb"},"inLanguage":"de","potentialAction":[{"@type":"ReadAction","target":["https:\/\/thetunes.ch\/web\/leitung\/"]}]},{"@type":"ImageObject","inLanguage":"de","@id":"https:\/\/thetunes.ch\/web\/leitung\/#primaryimage","url":"https:\/\/thetunes.ch\/web\/wp-content\/uploads\/2024\/11\/DSC01651-3_s.jpg","contentUrl":"https:\/\/thetunes.ch\/web\/wp-content\/uploads\/2024\/11\/DSC01651-3_s.jpg","width":2400,"height":1600},{"@type":"BreadcrumbList","@id":"https:\/\/thetunes.ch\/web\/leitung\/#breadcrumb","itemListElement":[{"@type":"ListItem","position":1,"name":"Startseite","item":"https:\/\/thetunes.ch\/web\/"},{"@type":"ListItem","position":2,"name":"Leitungsteam"}]},{"@type":"WebSite","@id":"https:\/\/thetunes.ch\/web\/#website","url":"https:\/\/thetunes.ch\/web\/","name":"The Tunes","description":"","publisher":{"@id":"https:\/\/thetunes.ch\/web\/#organization"},"potentialAction":[{"@type":"SearchAction","target":{"@type":"EntryPoint","urlTemplate":"https:\/\/thetunes.ch\/web\/?s={search_term_string}"},"query-input":{"@type":"PropertyValueSpecification","valueRequired":true,"valueName":"search_term_string"}}],"inLanguage":"de"},{"@type":"Organization","@id":"https:\/\/thetunes.ch\/web\/#organization","name":"The Tunes","alternateName":"Chor The Tunes","url":"https:\/\/thetunes.ch\/web\/","logo":{"@type":"ImageObject","inLanguage":"de","@id":"https:\/\/thetunes.ch\/web\/#\/schema\/logo\/image\/","url":"https:\/\/thetunes.ch\/web\/wp-content\/uploads\/2025\/07\/logo_TheTunes_bold-scaled.jpg","contentUrl":"https:\/\/thetunes.ch\/web\/wp-content\/uploads\/2025\/07\/logo_TheTunes_bold-scaled.jpg","width":2560,"height":203,"caption":"The Tunes"},"image":{"@id":"https:\/\/thetunes.ch\/web\/#\/schema\/logo\/image\/"}}]}},"_links":{"self":[{"href":"https:\/\/thetunes.ch\/web\/wp-json\/wp\/v2\/pages\/13","targetHints":{"allow":["GET"]}}],"collection":[{"href":"https:\/\/thetunes.ch\/web\/wp-json\/wp\/v2\/pages"}],"about":[{"href":"https:\/\/thetunes.ch\/web\/wp-json\/wp\/v2\/types\/page"}],"author":[{"embeddable":true,"href":"https:\/\/thetunes.ch\/web\/wp-json\/wp\/v2\/users\/1"}],"replies":[{"embeddable":true,"href":"https:\/\/thetunes.ch\/web\/wp-json\/wp\/v2\/comments?post=13"}],"version-history":[{"count":93,"href":"https:\/\/thetunes.ch\/web\/wp-json\/wp\/v2\/pages\/13\/revisions"}],"predecessor-version":[{"id":2751,"href":"https:\/\/thetunes.ch\/web\/wp-json\/wp\/v2\/pages\/13\/revisions\/2751"}],"wp:attachment":[{"href":"https:\/\/thetunes.ch\/web\/wp-json\/wp\/v2\/media?parent=13"}],"curies":[{"name":"wp","href":"https:\/\/api.w.org\/{rel}","templated":true}]}}