{"id":159,"date":"2013-07-11T13:02:56","date_gmt":"2013-07-11T11:02:56","guid":{"rendered":"http:\/\/thetunes.ch\/web\/?page_id=159"},"modified":"2024-12-14T13:31:43","modified_gmt":"2024-12-14T12:31:43","slug":"geschichte-von-thetunes","status":"publish","type":"page","link":"https:\/\/thetunes.ch\/web\/geschichte-von-thetunes\/","title":{"rendered":"Chor"},"content":{"rendered":"<p><a href=\"https:\/\/thetunes.ch\/web\/auftritte\/classic_meets_jazz-669\/\" rel=\"attachment wp-att-513\"><img loading=\"lazy\" decoding=\"async\" class=\"wp-image-513  alignnone\" src=\"https:\/\/thetunes.ch\/web\/wp-content\/uploads\/2015\/02\/Classic_meets_jazz-669-300x200.jpeg\" alt=\"Classic_meets_jazz-669\" width=\"520\" height=\"346\" srcset=\"https:\/\/thetunes.ch\/web\/wp-content\/uploads\/2015\/02\/Classic_meets_jazz-669-300x200.jpeg 300w, https:\/\/thetunes.ch\/web\/wp-content\/uploads\/2015\/02\/Classic_meets_jazz-669-600x399.jpeg 600w, https:\/\/thetunes.ch\/web\/wp-content\/uploads\/2015\/02\/Classic_meets_jazz-669.jpeg 640w\" sizes=\"auto, (max-width: 520px) 100vw, 520px\" \/><\/a><\/p>\n<p style=\"text-align: left;\">Wir, \u201eThe Tunes\u201c sind ein bunt gemischter Chor von S\u00e4ngerinnen und S\u00e4ngern aus dem Raum St.Gallen, welche die Freude am Singen verbindet. Mit unserem breiten Musikrepertoire, das von moderner Musik \u00fcber Gershwin bis hin zu Spirituals reicht, begeistern wir an unseren Konzerten immer wieder unser Publikum. Auch beim Mitgestalten in Gottesdiensten bringen wir unsere Freude am Singen zum Ausdruck. Neben dem Gesang ist uns auch das gesellige Zusammensein wichtig. \u201eThe Tunes\u201c wird von der Katholischen Kirche im Lebensraum St.Gallen unterst\u00fctzt und ist \u00f6kumenisch f\u00fcr alle offen.<\/p>\n<p style=\"text-align: left;\"><a href=\"https:\/\/thetunes.ch\/web\/auftritte\/classic_meets_jazz-41\/\" rel=\"attachment wp-att-540\"><img loading=\"lazy\" decoding=\"async\" class=\"wp-image-540  alignnone\" src=\"https:\/\/thetunes.ch\/web\/wp-content\/uploads\/2015\/02\/Classic_meets_jazz-41-300x200.jpeg\" alt=\"Classic_meets_jazz-41\" width=\"523\" height=\"349\" srcset=\"https:\/\/thetunes.ch\/web\/wp-content\/uploads\/2015\/02\/Classic_meets_jazz-41-300x200.jpeg 300w, https:\/\/thetunes.ch\/web\/wp-content\/uploads\/2015\/02\/Classic_meets_jazz-41-600x399.jpeg 600w, https:\/\/thetunes.ch\/web\/wp-content\/uploads\/2015\/02\/Classic_meets_jazz-41.jpeg 640w\" sizes=\"auto, (max-width: 523px) 100vw, 523px\" \/><\/a><\/p>\n<hr \/>\n<h5 style=\"text-align: left;\">Geschichte von The Tunes<\/h5>\n<p style=\"text-align: left;\">Am 18. Oktober 1998 gr\u00fcndete die Akj (Arbeitsstelle kirchliche Jugendmusik) einen Chor f\u00fcr junge Erwachsene. Dieser sollte das Segment zwischen Jugendch\u00f6ren und Kirchench\u00f6ren abdecken. Unter der Leitung von Hans Eberhard wurden erstmals Taiz\u00e9-Lieder einstudiert.<\/p>\n<p style=\"text-align: left;\">Im M\u00e4rz 1999 startete das neue Chorprojekt, The Tunes, unter der Leitung von Dirigent Franz Pfab. Das Repertoire umfasst moderne kirchliche und weltliche Musik.<\/p>\n<p style=\"text-align: left;\">Im August 2005 \u00fcbernahm Anita Mauchle die musikalische Leitung von The Tunes.<\/p>\n<p style=\"text-align: left;\">Von August 2013 bis Sommer 2024 leitete Philippe Frey mit viel Freude und grossem Engagement unseren Chor.<\/p>\n<p>Als tolle Nachfolgerin konnte ab Oktober 2024 Bea R\u00fctsche gewonnen werden.<\/p>\n<p style=\"text-align: left;\"><a href=\"https:\/\/thetunes.ch\/web\/auftritte\/classic_meets_jazz-722\/\" rel=\"attachment wp-att-514\"><img loading=\"lazy\" decoding=\"async\" class=\"wp-image-514  alignnone\" src=\"https:\/\/thetunes.ch\/web\/wp-content\/uploads\/2015\/02\/Classic_meets_jazz-722-300x200.jpeg\" alt=\"Classic_meets_jazz-722\" width=\"539\" height=\"359\" srcset=\"https:\/\/thetunes.ch\/web\/wp-content\/uploads\/2015\/02\/Classic_meets_jazz-722-300x200.jpeg 300w, https:\/\/thetunes.ch\/web\/wp-content\/uploads\/2015\/02\/Classic_meets_jazz-722-600x399.jpeg 600w, https:\/\/thetunes.ch\/web\/wp-content\/uploads\/2015\/02\/Classic_meets_jazz-722.jpeg 640w\" sizes=\"auto, (max-width: 539px) 100vw, 539px\" \/><\/a><\/p>\n<p style=\"text-align: left;\">Aus dem Jungen-Erwachsenen-Chor ist mittlerweile ein altersdurchmischter Chor geworden, bei dem nat\u00fcrlich weiterhin junge Erwachsene herzlich willkommen sind.<\/p>\n<hr \/>\n<h5>Zeitungsartikel Mai 2024<\/h5>\n<p><a href=\"https:\/\/thetunes.ch\/web\/wp-content\/uploads\/2024\/09\/Presseartikel-2.jpg\"><img loading=\"lazy\" decoding=\"async\" class=\"alignnone  wp-image-2734\" src=\"https:\/\/thetunes.ch\/web\/wp-content\/uploads\/2024\/09\/Presseartikel-2-300x241.jpg\" alt=\"\" width=\"532\" height=\"427\" srcset=\"https:\/\/thetunes.ch\/web\/wp-content\/uploads\/2024\/09\/Presseartikel-2-300x241.jpg 300w, https:\/\/thetunes.ch\/web\/wp-content\/uploads\/2024\/09\/Presseartikel-2-1024x822.jpg 1024w, https:\/\/thetunes.ch\/web\/wp-content\/uploads\/2024\/09\/Presseartikel-2-768x617.jpg 768w, https:\/\/thetunes.ch\/web\/wp-content\/uploads\/2024\/09\/Presseartikel-2-1000x803.jpg 1000w, https:\/\/thetunes.ch\/web\/wp-content\/uploads\/2024\/09\/Presseartikel-2-230x185.jpg 230w, https:\/\/thetunes.ch\/web\/wp-content\/uploads\/2024\/09\/Presseartikel-2-350x281.jpg 350w, https:\/\/thetunes.ch\/web\/wp-content\/uploads\/2024\/09\/Presseartikel-2-480x385.jpg 480w, https:\/\/thetunes.ch\/web\/wp-content\/uploads\/2024\/09\/Presseartikel-2.jpg 1389w\" sizes=\"auto, (max-width: 532px) 100vw, 532px\" \/><\/a><\/p>\n<p><a href=\"https:\/\/thetunes.ch\/web\/wp-content\/uploads\/2024\/09\/Presseartikel-2.pdf\">Zeitungsartikel (PDF)<\/a><\/p>\n","protected":false},"excerpt":{"rendered":"<p>Wir, \u201eThe Tunes\u201c sind ein bunt gemischter Chor von S\u00e4ngerinnen und S\u00e4ngern aus dem Raum St.Gallen, welche die Freude am Singen verbindet. [&hellip;]<\/p>\n","protected":false},"author":1,"featured_media":0,"parent":0,"menu_order":1,"comment_status":"closed","ping_status":"open","template":"","meta":{"footnotes":""},"class_list":["post-159","page","type-page","status-publish","hentry"],"yoast_head":"<!-- This site is optimized with the Yoast SEO plugin v25.4 - https:\/\/yoast.com\/wordpress\/plugins\/seo\/ -->\n<title>Chor - The Tunes<\/title>\n<meta name=\"robots\" content=\"index, follow, max-snippet:-1, max-image-preview:large, max-video-preview:-1\" \/>\n<link rel=\"canonical\" href=\"https:\/\/thetunes.ch\/web\/geschichte-von-thetunes\/\" \/>\n<meta property=\"og:locale\" content=\"de_DE\" \/>\n<meta property=\"og:type\" content=\"article\" \/>\n<meta property=\"og:title\" content=\"Chor - The Tunes\" \/>\n<meta property=\"og:description\" content=\"Wir, \u201eThe Tunes\u201c sind ein bunt gemischter Chor von S\u00e4ngerinnen und S\u00e4ngern aus dem Raum St.Gallen, welche die Freude am Singen verbindet. [&hellip;]\" \/>\n<meta property=\"og:url\" content=\"https:\/\/thetunes.ch\/web\/geschichte-von-thetunes\/\" \/>\n<meta property=\"og:site_name\" content=\"The Tunes\" \/>\n<meta property=\"article:modified_time\" content=\"2024-12-14T12:31:43+00:00\" \/>\n<meta property=\"og:image\" content=\"https:\/\/thetunes.ch\/web\/wp-content\/uploads\/2015\/02\/Classic_meets_jazz-669-300x200.jpeg\" \/>\n<meta name=\"twitter:card\" content=\"summary_large_image\" \/>\n<meta name=\"twitter:label1\" content=\"Gesch\u00e4tzte Lesezeit\" \/>\n\t<meta name=\"twitter:data1\" content=\"2\u00a0Minuten\" \/>\n<script type=\"application\/ld+json\" class=\"yoast-schema-graph\">{\"@context\":\"https:\/\/schema.org\",\"@graph\":[{\"@type\":\"WebPage\",\"@id\":\"https:\/\/thetunes.ch\/web\/geschichte-von-thetunes\/\",\"url\":\"https:\/\/thetunes.ch\/web\/geschichte-von-thetunes\/\",\"name\":\"Chor - The Tunes\",\"isPartOf\":{\"@id\":\"https:\/\/thetunes.ch\/web\/#website\"},\"primaryImageOfPage\":{\"@id\":\"https:\/\/thetunes.ch\/web\/geschichte-von-thetunes\/#primaryimage\"},\"image\":{\"@id\":\"https:\/\/thetunes.ch\/web\/geschichte-von-thetunes\/#primaryimage\"},\"thumbnailUrl\":\"https:\/\/thetunes.ch\/web\/wp-content\/uploads\/2015\/02\/Classic_meets_jazz-669-300x200.jpeg\",\"datePublished\":\"2013-07-11T11:02:56+00:00\",\"dateModified\":\"2024-12-14T12:31:43+00:00\",\"breadcrumb\":{\"@id\":\"https:\/\/thetunes.ch\/web\/geschichte-von-thetunes\/#breadcrumb\"},\"inLanguage\":\"de\",\"potentialAction\":[{\"@type\":\"ReadAction\",\"target\":[\"https:\/\/thetunes.ch\/web\/geschichte-von-thetunes\/\"]}]},{\"@type\":\"ImageObject\",\"inLanguage\":\"de\",\"@id\":\"https:\/\/thetunes.ch\/web\/geschichte-von-thetunes\/#primaryimage\",\"url\":\"https:\/\/thetunes.ch\/web\/wp-content\/uploads\/2015\/02\/Classic_meets_jazz-669.jpeg\",\"contentUrl\":\"https:\/\/thetunes.ch\/web\/wp-content\/uploads\/2015\/02\/Classic_meets_jazz-669.jpeg\",\"width\":640,\"height\":426},{\"@type\":\"BreadcrumbList\",\"@id\":\"https:\/\/thetunes.ch\/web\/geschichte-von-thetunes\/#breadcrumb\",\"itemListElement\":[{\"@type\":\"ListItem\",\"position\":1,\"name\":\"Startseite\",\"item\":\"https:\/\/thetunes.ch\/web\/\"},{\"@type\":\"ListItem\",\"position\":2,\"name\":\"Chor\"}]},{\"@type\":\"WebSite\",\"@id\":\"https:\/\/thetunes.ch\/web\/#website\",\"url\":\"https:\/\/thetunes.ch\/web\/\",\"name\":\"The Tunes\",\"description\":\"\",\"publisher\":{\"@id\":\"https:\/\/thetunes.ch\/web\/#organization\"},\"potentialAction\":[{\"@type\":\"SearchAction\",\"target\":{\"@type\":\"EntryPoint\",\"urlTemplate\":\"https:\/\/thetunes.ch\/web\/?s={search_term_string}\"},\"query-input\":{\"@type\":\"PropertyValueSpecification\",\"valueRequired\":true,\"valueName\":\"search_term_string\"}}],\"inLanguage\":\"de\"},{\"@type\":\"Organization\",\"@id\":\"https:\/\/thetunes.ch\/web\/#organization\",\"name\":\"The Tunes\",\"alternateName\":\"Chor The Tunes\",\"url\":\"https:\/\/thetunes.ch\/web\/\",\"logo\":{\"@type\":\"ImageObject\",\"inLanguage\":\"de\",\"@id\":\"https:\/\/thetunes.ch\/web\/#\/schema\/logo\/image\/\",\"url\":\"https:\/\/thetunes.ch\/web\/wp-content\/uploads\/2025\/07\/logo_TheTunes_bold-scaled.jpg\",\"contentUrl\":\"https:\/\/thetunes.ch\/web\/wp-content\/uploads\/2025\/07\/logo_TheTunes_bold-scaled.jpg\",\"width\":2560,\"height\":203,\"caption\":\"The Tunes\"},\"image\":{\"@id\":\"https:\/\/thetunes.ch\/web\/#\/schema\/logo\/image\/\"}}]}<\/script>\n<!-- \/ Yoast SEO plugin. -->","yoast_head_json":{"title":"Chor - The Tunes","robots":{"index":"index","follow":"follow","max-snippet":"max-snippet:-1","max-image-preview":"max-image-preview:large","max-video-preview":"max-video-preview:-1"},"canonical":"https:\/\/thetunes.ch\/web\/geschichte-von-thetunes\/","og_locale":"de_DE","og_type":"article","og_title":"Chor - The Tunes","og_description":"Wir, \u201eThe Tunes\u201c sind ein bunt gemischter Chor von S\u00e4ngerinnen und S\u00e4ngern aus dem Raum St.Gallen, welche die Freude am Singen verbindet. [&hellip;]","og_url":"https:\/\/thetunes.ch\/web\/geschichte-von-thetunes\/","og_site_name":"The Tunes","article_modified_time":"2024-12-14T12:31:43+00:00","og_image":[{"url":"https:\/\/thetunes.ch\/web\/wp-content\/uploads\/2015\/02\/Classic_meets_jazz-669-300x200.jpeg","type":"","width":"","height":""}],"twitter_card":"summary_large_image","twitter_misc":{"Gesch\u00e4tzte Lesezeit":"2\u00a0Minuten"},"schema":{"@context":"https:\/\/schema.org","@graph":[{"@type":"WebPage","@id":"https:\/\/thetunes.ch\/web\/geschichte-von-thetunes\/","url":"https:\/\/thetunes.ch\/web\/geschichte-von-thetunes\/","name":"Chor - The Tunes","isPartOf":{"@id":"https:\/\/thetunes.ch\/web\/#website"},"primaryImageOfPage":{"@id":"https:\/\/thetunes.ch\/web\/geschichte-von-thetunes\/#primaryimage"},"image":{"@id":"https:\/\/thetunes.ch\/web\/geschichte-von-thetunes\/#primaryimage"},"thumbnailUrl":"https:\/\/thetunes.ch\/web\/wp-content\/uploads\/2015\/02\/Classic_meets_jazz-669-300x200.jpeg","datePublished":"2013-07-11T11:02:56+00:00","dateModified":"2024-12-14T12:31:43+00:00","breadcrumb":{"@id":"https:\/\/thetunes.ch\/web\/geschichte-von-thetunes\/#breadcrumb"},"inLanguage":"de","potentialAction":[{"@type":"ReadAction","target":["https:\/\/thetunes.ch\/web\/geschichte-von-thetunes\/"]}]},{"@type":"ImageObject","inLanguage":"de","@id":"https:\/\/thetunes.ch\/web\/geschichte-von-thetunes\/#primaryimage","url":"https:\/\/thetunes.ch\/web\/wp-content\/uploads\/2015\/02\/Classic_meets_jazz-669.jpeg","contentUrl":"https:\/\/thetunes.ch\/web\/wp-content\/uploads\/2015\/02\/Classic_meets_jazz-669.jpeg","width":640,"height":426},{"@type":"BreadcrumbList","@id":"https:\/\/thetunes.ch\/web\/geschichte-von-thetunes\/#breadcrumb","itemListElement":[{"@type":"ListItem","position":1,"name":"Startseite","item":"https:\/\/thetunes.ch\/web\/"},{"@type":"ListItem","position":2,"name":"Chor"}]},{"@type":"WebSite","@id":"https:\/\/thetunes.ch\/web\/#website","url":"https:\/\/thetunes.ch\/web\/","name":"The Tunes","description":"","publisher":{"@id":"https:\/\/thetunes.ch\/web\/#organization"},"potentialAction":[{"@type":"SearchAction","target":{"@type":"EntryPoint","urlTemplate":"https:\/\/thetunes.ch\/web\/?s={search_term_string}"},"query-input":{"@type":"PropertyValueSpecification","valueRequired":true,"valueName":"search_term_string"}}],"inLanguage":"de"},{"@type":"Organization","@id":"https:\/\/thetunes.ch\/web\/#organization","name":"The Tunes","alternateName":"Chor The Tunes","url":"https:\/\/thetunes.ch\/web\/","logo":{"@type":"ImageObject","inLanguage":"de","@id":"https:\/\/thetunes.ch\/web\/#\/schema\/logo\/image\/","url":"https:\/\/thetunes.ch\/web\/wp-content\/uploads\/2025\/07\/logo_TheTunes_bold-scaled.jpg","contentUrl":"https:\/\/thetunes.ch\/web\/wp-content\/uploads\/2025\/07\/logo_TheTunes_bold-scaled.jpg","width":2560,"height":203,"caption":"The Tunes"},"image":{"@id":"https:\/\/thetunes.ch\/web\/#\/schema\/logo\/image\/"}}]}},"_links":{"self":[{"href":"https:\/\/thetunes.ch\/web\/wp-json\/wp\/v2\/pages\/159","targetHints":{"allow":["GET"]}}],"collection":[{"href":"https:\/\/thetunes.ch\/web\/wp-json\/wp\/v2\/pages"}],"about":[{"href":"https:\/\/thetunes.ch\/web\/wp-json\/wp\/v2\/types\/page"}],"author":[{"embeddable":true,"href":"https:\/\/thetunes.ch\/web\/wp-json\/wp\/v2\/users\/1"}],"replies":[{"embeddable":true,"href":"https:\/\/thetunes.ch\/web\/wp-json\/wp\/v2\/comments?post=159"}],"version-history":[{"count":32,"href":"https:\/\/thetunes.ch\/web\/wp-json\/wp\/v2\/pages\/159\/revisions"}],"predecessor-version":[{"id":2755,"href":"https:\/\/thetunes.ch\/web\/wp-json\/wp\/v2\/pages\/159\/revisions\/2755"}],"wp:attachment":[{"href":"https:\/\/thetunes.ch\/web\/wp-json\/wp\/v2\/media?parent=159"}],"curies":[{"name":"wp","href":"https:\/\/api.w.org\/{rel}","templated":true}]}}