{"id":352,"date":"2015-02-16T17:39:39","date_gmt":"2015-02-16T16:39:39","guid":{"rendered":"http:\/\/thetunes.ch\/web\/?page_id=352"},"modified":"2025-04-13T19:08:58","modified_gmt":"2025-04-13T17:08:58","slug":"startseite","status":"publish","type":"page","link":"https:\/\/thetunes.ch\/web\/","title":{"rendered":"Herzlich Willkommen"},"content":{"rendered":"\n<p>Sch\u00f6n, dass du da bist!<\/p>\n\n\n\n<p>Wir, \u201eThe Tunes\u201c sind ein bunt gemischter Chor von S\u00e4ngerinnen und S\u00e4ngern aus dem Raum St. Gallen, welche die Freude am Singen verbindet. Mit unserem breiten Musikrepertoire, das von moderner Musik \u00fcber Gershwin bis hin zu Spirituals reicht, begeistern wir an unseren Konzerten immer wieder unser Publikum.<\/p>\n\n\n\n<p>Frei nach dem Motto \u00abSwing Pop and More\u00bb<\/p>\n\n\n\n<h6 class=\"wp-block-heading\"><span style=\"color: #000080;\"><strong>F\u00fcr unsere Ten\u00f6re suchen wir aktuell Verst\u00e4rkung!<\/strong><\/span><\/h6><\/p>\n\n\n\n<p>Lerne uns kennen und komme auf eine Schnupper-Probe vorbei-&gt; <a href=\"https:\/\/thetunes.ch\/web\/geschichte-von-thetunes\/\">The Tunes<\/a><\/p>\n\n\n\n<p><\/p>\n","protected":false},"excerpt":{"rendered":"<p>Sch\u00f6n, dass du da bist! Wir, \u201eThe Tunes\u201c sind ein bunt gemischter Chor von S\u00e4ngerinnen und S\u00e4ngern aus dem Raum St. Gallen, [&hellip;]<\/p>\n","protected":false},"author":1,"featured_media":0,"parent":0,"menu_order":0,"comment_status":"closed","ping_status":"closed","template":"","meta":{"footnotes":""},"class_list":["post-352","page","type-page","status-publish","hentry"],"yoast_head":"<!-- This site is optimized with the Yoast SEO plugin v25.4 - https:\/\/yoast.com\/wordpress\/plugins\/seo\/ -->\n<title>Startseite und News - The Tunes (Chor St. Gallen)<\/title>\n<meta name=\"description\" content=\"Willkommen auf der Startseite von The Tunes St. Gallen! Alle aktuellen Konzerte und Auff\u00fchrungen finden Sie hier. Wir freuen uns auf Ihr Erscheinen!\" \/>\n<meta name=\"robots\" content=\"index, follow, max-snippet:-1, max-image-preview:large, max-video-preview:-1\" \/>\n<link rel=\"canonical\" href=\"https:\/\/thetunes.ch\/web\/\" \/>\n<meta property=\"og:locale\" content=\"de_DE\" \/>\n<meta property=\"og:type\" content=\"article\" \/>\n<meta property=\"og:title\" content=\"Startseite und News - The Tunes (Chor St. Gallen)\" \/>\n<meta property=\"og:description\" content=\"Willkommen auf der Startseite von The Tunes St. Gallen! Alle aktuellen Konzerte und Auff\u00fchrungen finden Sie hier. Wir freuen uns auf Ihr Erscheinen!\" \/>\n<meta property=\"og:url\" content=\"https:\/\/thetunes.ch\/web\/\" \/>\n<meta property=\"og:site_name\" content=\"The Tunes\" \/>\n<meta property=\"article:modified_time\" content=\"2025-04-13T17:08:58+00:00\" \/>\n<meta name=\"twitter:card\" content=\"summary_large_image\" \/>\n<meta name=\"twitter:label1\" content=\"Gesch\u00e4tzte Lesezeit\" \/>\n\t<meta name=\"twitter:data1\" content=\"1\u00a0Minute\" \/>\n<script type=\"application\/ld+json\" class=\"yoast-schema-graph\">{\"@context\":\"https:\/\/schema.org\",\"@graph\":[{\"@type\":\"WebPage\",\"@id\":\"https:\/\/thetunes.ch\/web\/\",\"url\":\"https:\/\/thetunes.ch\/web\/\",\"name\":\"Startseite und News - The Tunes (Chor St. Gallen)\",\"isPartOf\":{\"@id\":\"https:\/\/thetunes.ch\/web\/#website\"},\"datePublished\":\"2015-02-16T16:39:39+00:00\",\"dateModified\":\"2025-04-13T17:08:58+00:00\",\"description\":\"Willkommen auf der Startseite von The Tunes St. Gallen! Alle aktuellen Konzerte und Auff\u00fchrungen finden Sie hier. Wir freuen uns auf Ihr Erscheinen!\",\"breadcrumb\":{\"@id\":\"https:\/\/thetunes.ch\/web\/#breadcrumb\"},\"inLanguage\":\"de\",\"potentialAction\":[{\"@type\":\"ReadAction\",\"target\":[\"https:\/\/thetunes.ch\/web\/\"]}]},{\"@type\":\"BreadcrumbList\",\"@id\":\"https:\/\/thetunes.ch\/web\/#breadcrumb\",\"itemListElement\":[{\"@type\":\"ListItem\",\"position\":1,\"name\":\"Startseite\",\"item\":\"https:\/\/thetunes.ch\/web\/\"},{\"@type\":\"ListItem\",\"position\":2,\"name\":\"Herzlich Willkommen\"}]},{\"@type\":\"WebSite\",\"@id\":\"https:\/\/thetunes.ch\/web\/#website\",\"url\":\"https:\/\/thetunes.ch\/web\/\",\"name\":\"The Tunes\",\"description\":\"\",\"publisher\":{\"@id\":\"https:\/\/thetunes.ch\/web\/#organization\"},\"potentialAction\":[{\"@type\":\"SearchAction\",\"target\":{\"@type\":\"EntryPoint\",\"urlTemplate\":\"https:\/\/thetunes.ch\/web\/?s={search_term_string}\"},\"query-input\":{\"@type\":\"PropertyValueSpecification\",\"valueRequired\":true,\"valueName\":\"search_term_string\"}}],\"inLanguage\":\"de\"},{\"@type\":\"Organization\",\"@id\":\"https:\/\/thetunes.ch\/web\/#organization\",\"name\":\"The Tunes\",\"alternateName\":\"Chor The Tunes\",\"url\":\"https:\/\/thetunes.ch\/web\/\",\"logo\":{\"@type\":\"ImageObject\",\"inLanguage\":\"de\",\"@id\":\"https:\/\/thetunes.ch\/web\/#\/schema\/logo\/image\/\",\"url\":\"https:\/\/thetunes.ch\/web\/wp-content\/uploads\/2025\/07\/logo_TheTunes_bold-scaled.jpg\",\"contentUrl\":\"https:\/\/thetunes.ch\/web\/wp-content\/uploads\/2025\/07\/logo_TheTunes_bold-scaled.jpg\",\"width\":2560,\"height\":203,\"caption\":\"The Tunes\"},\"image\":{\"@id\":\"https:\/\/thetunes.ch\/web\/#\/schema\/logo\/image\/\"}}]}<\/script>\n<!-- \/ Yoast SEO plugin. -->","yoast_head_json":{"title":"Startseite und News - The Tunes (Chor St. Gallen)","description":"Willkommen auf der Startseite von The Tunes St. Gallen! Alle aktuellen Konzerte und Auff\u00fchrungen finden Sie hier. Wir freuen uns auf Ihr Erscheinen!","robots":{"index":"index","follow":"follow","max-snippet":"max-snippet:-1","max-image-preview":"max-image-preview:large","max-video-preview":"max-video-preview:-1"},"canonical":"https:\/\/thetunes.ch\/web\/","og_locale":"de_DE","og_type":"article","og_title":"Startseite und News - The Tunes (Chor St. Gallen)","og_description":"Willkommen auf der Startseite von The Tunes St. Gallen! Alle aktuellen Konzerte und Auff\u00fchrungen finden Sie hier. Wir freuen uns auf Ihr Erscheinen!","og_url":"https:\/\/thetunes.ch\/web\/","og_site_name":"The Tunes","article_modified_time":"2025-04-13T17:08:58+00:00","twitter_card":"summary_large_image","twitter_misc":{"Gesch\u00e4tzte Lesezeit":"1\u00a0Minute"},"schema":{"@context":"https:\/\/schema.org","@graph":[{"@type":"WebPage","@id":"https:\/\/thetunes.ch\/web\/","url":"https:\/\/thetunes.ch\/web\/","name":"Startseite und News - The Tunes (Chor St. Gallen)","isPartOf":{"@id":"https:\/\/thetunes.ch\/web\/#website"},"datePublished":"2015-02-16T16:39:39+00:00","dateModified":"2025-04-13T17:08:58+00:00","description":"Willkommen auf der Startseite von The Tunes St. Gallen! Alle aktuellen Konzerte und Auff\u00fchrungen finden Sie hier. Wir freuen uns auf Ihr Erscheinen!","breadcrumb":{"@id":"https:\/\/thetunes.ch\/web\/#breadcrumb"},"inLanguage":"de","potentialAction":[{"@type":"ReadAction","target":["https:\/\/thetunes.ch\/web\/"]}]},{"@type":"BreadcrumbList","@id":"https:\/\/thetunes.ch\/web\/#breadcrumb","itemListElement":[{"@type":"ListItem","position":1,"name":"Startseite","item":"https:\/\/thetunes.ch\/web\/"},{"@type":"ListItem","position":2,"name":"Herzlich Willkommen"}]},{"@type":"WebSite","@id":"https:\/\/thetunes.ch\/web\/#website","url":"https:\/\/thetunes.ch\/web\/","name":"The Tunes","description":"","publisher":{"@id":"https:\/\/thetunes.ch\/web\/#organization"},"potentialAction":[{"@type":"SearchAction","target":{"@type":"EntryPoint","urlTemplate":"https:\/\/thetunes.ch\/web\/?s={search_term_string}"},"query-input":{"@type":"PropertyValueSpecification","valueRequired":true,"valueName":"search_term_string"}}],"inLanguage":"de"},{"@type":"Organization","@id":"https:\/\/thetunes.ch\/web\/#organization","name":"The Tunes","alternateName":"Chor The Tunes","url":"https:\/\/thetunes.ch\/web\/","logo":{"@type":"ImageObject","inLanguage":"de","@id":"https:\/\/thetunes.ch\/web\/#\/schema\/logo\/image\/","url":"https:\/\/thetunes.ch\/web\/wp-content\/uploads\/2025\/07\/logo_TheTunes_bold-scaled.jpg","contentUrl":"https:\/\/thetunes.ch\/web\/wp-content\/uploads\/2025\/07\/logo_TheTunes_bold-scaled.jpg","width":2560,"height":203,"caption":"The Tunes"},"image":{"@id":"https:\/\/thetunes.ch\/web\/#\/schema\/logo\/image\/"}}]}},"_links":{"self":[{"href":"https:\/\/thetunes.ch\/web\/wp-json\/wp\/v2\/pages\/352","targetHints":{"allow":["GET"]}}],"collection":[{"href":"https:\/\/thetunes.ch\/web\/wp-json\/wp\/v2\/pages"}],"about":[{"href":"https:\/\/thetunes.ch\/web\/wp-json\/wp\/v2\/types\/page"}],"author":[{"embeddable":true,"href":"https:\/\/thetunes.ch\/web\/wp-json\/wp\/v2\/users\/1"}],"replies":[{"embeddable":true,"href":"https:\/\/thetunes.ch\/web\/wp-json\/wp\/v2\/comments?post=352"}],"version-history":[{"count":108,"href":"https:\/\/thetunes.ch\/web\/wp-json\/wp\/v2\/pages\/352\/revisions"}],"predecessor-version":[{"id":2774,"href":"https:\/\/thetunes.ch\/web\/wp-json\/wp\/v2\/pages\/352\/revisions\/2774"}],"wp:attachment":[{"href":"https:\/\/thetunes.ch\/web\/wp-json\/wp\/v2\/media?parent=352"}],"curies":[{"name":"wp","href":"https:\/\/api.w.org\/{rel}","templated":true}]}}